{"id":2594,"date":"2026-04-12T14:01:28","date_gmt":"2026-04-12T20:01:28","guid":{"rendered":"https:\/\/cafetheatre.ca\/?page_id=2594"},"modified":"2026-04-12T16:43:56","modified_gmt":"2026-04-12T22:43:56","slug":"menu-2","status":"publish","type":"page","link":"https:\/\/cafetheatre.ca\/en\/menu-2\/","title":{"rendered":"Menu"},"content":{"rendered":"<div data-elementor-type=\"wp-page\" data-elementor-id=\"2594\" class=\"elementor elementor-2594\">\n\t\t\t\t<div class=\"elementor-element elementor-element-1d3ebc91 e-con-full e-flex wpr-particle-no wpr-jarallax-no wpr-parallax-no wpr-sticky-section-no wpr-equal-height-no e-con e-parent\" data-id=\"1d3ebc91\" data-element_type=\"container\" data-e-type=\"container\" data-settings=\"{&quot;background_background&quot;:&quot;classic&quot;}\">\n\t\t\t\t<div class=\"elementor-element elementor-element-7334e3ec elementor-widget elementor-widget-heading\" data-id=\"7334e3ec\" data-element_type=\"widget\" data-e-type=\"widget\" data-widget_type=\"heading.default\">\n\t\t\t\t\t<h1 class=\"elementor-heading-title elementor-size-default\">Caf\u00e9 Th\u00e9\u00e2tre's Menu<\/h1>\t\t\t\t<\/div>\n\t\t\t\t<div class=\"elementor-element elementor-element-7c5c7b84 elementor-widget elementor-widget-text-editor\" data-id=\"7c5c7b84\" data-element_type=\"widget\" data-e-type=\"widget\" data-widget_type=\"text-editor.default\">\n\t\t\t\t\t\t\t\t\t<p>The Calgary's <strong>Caf\u00e9 Th\u00e9\u00e2tre<\/strong> is the place where <strong>refined French fine dining, live cultural performances, and warm hospitality<\/strong>come together in one of the most acclaimed <strong>French restaurants in Calgary.<\/strong> \u200e<strong>\u200e<\/strong> We invite you to reserve your table and experience authentic <strong>French cuisine near you<\/strong>, in the heart of Calgary.<\/p>\t\t\t\t\t\t\t\t<\/div>\n\t\t\t\t<div class=\"elementor-element elementor-element-1aacc9c2 elementor-view-default elementor-widget elementor-widget-icon\" data-id=\"1aacc9c2\" data-element_type=\"widget\" data-e-type=\"widget\" data-widget_type=\"icon.default\">\n\t\t\t\t\t\t\t<div class=\"elementor-icon-wrapper\">\n\t\t\t<a class=\"elementor-icon\" href=\"#menu-principal\">\n\t\t\t<svg aria-hidden=\"true\" class=\"e-font-icon-svg e-fas-chevron-down\" viewbox=\"0 0 448 512\" xmlns=\"http:\/\/www.w3.org\/2000\/svg\"><path d=\"M207.029 381.476L12.686 187.132c-9.373-9.373-9.373-24.569 0-33.941l22.667-22.667c9.357-9.357 24.522-9.375 33.901-.04L224 284.505l154.745-154.021c9.379-9.335 24.544-9.317 33.901.04l22.667 22.667c9.373 9.373 9.373 24.569 0 33.941L240.971 381.476c-9.373 9.372-24.569 9.372-33.942 0z\"><\/path><\/svg>\t\t\t<\/a>\n\t\t<\/div>\n\t\t\t\t\t\t<\/div>\n\t\t\t\t<\/div>\n\t\t<div class=\"elementor-element elementor-element-d40eff7 e-flex e-con-boxed wpr-particle-no wpr-jarallax-no wpr-parallax-no wpr-sticky-section-no wpr-equal-height-no e-con e-parent\" data-id=\"d40eff7\" data-element_type=\"container\" data-e-type=\"container\" data-settings=\"{&quot;background_background&quot;:&quot;classic&quot;}\">\n\t\t\t\t\t<div class=\"e-con-inner\">\n\t\t\t\t<div class=\"elementor-element elementor-element-86d84c5 elementor-widget elementor-widget-heading\" data-id=\"86d84c5\" data-element_type=\"widget\" data-e-type=\"widget\" data-widget_type=\"heading.default\">\n\t\t\t\t\t<h2 class=\"elementor-heading-title elementor-size-default\">Main Menu<\/h2>\t\t\t\t<\/div>\n\t\t\t\t<div class=\"elementor-element elementor-element-f19e82a elementor-align-center elementor-widget elementor-widget-button\" data-id=\"f19e82a\" data-element_type=\"widget\" data-e-type=\"widget\" data-widget_type=\"button.default\">\n\t\t\t\t\t\t\t\t\t\t<a class=\"elementor-button elementor-button-link elementor-size-sm\" href=\"https:\/\/cafetheatre.ca\/wp-content\/uploads\/2026\/04\/Menu-restaurant-complet-2026.pdf\">\n\t\t\t\t\t\t<span class=\"elementor-button-content-wrapper\">\n\t\t\t\t\t\t\t\t\t<span class=\"elementor-button-text\">Voir le menu (PDF)<\/span>\n\t\t\t\t\t<\/span>\n\t\t\t\t\t<\/a>\n\t\t\t\t\t\t\t\t<\/div>\n\t\t\t\t<div class=\"elementor-element elementor-element-423afb5 elementor-widget-divider--view-line elementor-widget elementor-widget-divider\" data-id=\"423afb5\" data-element_type=\"widget\" data-e-type=\"widget\" data-widget_type=\"divider.default\">\n\t\t\t\t\t\t\t<div class=\"elementor-divider\">\n\t\t\t<span class=\"elementor-divider-separator\">\n\t\t\t\t\t\t<\/span>\n\t\t<\/div>\n\t\t\t\t\t\t<\/div>\n\t\t\t\t<div class=\"elementor-element elementor-element-4b65c45 elementor-widget elementor-widget-shortcode\" data-id=\"4b65c45\" data-element_type=\"widget\" data-e-type=\"widget\" data-widget_type=\"shortcode.default\">\n\t\t\t\t\t\t\t<div class=\"elementor-shortcode\"><div class=\"real3dflipbook\" id=\"1_69dc344496456\" style=\"position:absolute;\"><\/div>\n<div class=\"real3dflipbook\" id=\"3_69dc344496993\" style=\"position:absolute;\"><\/div><\/div>\n\t\t\t\t\t\t<\/div>\n\t\t<div class=\"elementor-element elementor-element-2d24cf1 e-con-full e-flex wpr-particle-no wpr-jarallax-no wpr-parallax-no wpr-sticky-section-no wpr-equal-height-no e-con e-child\" data-id=\"2d24cf1\" data-element_type=\"container\" data-e-type=\"container\">\n\t\t\t\t<\/div>\n\t\t\t\t\t<\/div>\n\t\t\t\t<\/div>\n\t\t<div class=\"elementor-element elementor-element-55455ac e-flex e-con-boxed wpr-particle-no wpr-jarallax-no wpr-parallax-no wpr-sticky-section-no wpr-equal-height-no e-con e-parent\" data-id=\"55455ac\" data-element_type=\"container\" data-e-type=\"container\">\n\t\t\t\t\t<div class=\"e-con-inner\">\n\t\t\t\t<div class=\"elementor-element elementor-element-2b46006 elementor-widget elementor-widget-heading\" data-id=\"2b46006\" data-element_type=\"widget\" data-e-type=\"widget\" data-widget_type=\"heading.default\">\n\t\t\t\t\t<h2 class=\"elementor-heading-title elementor-size-default\">Want to try comforting French cuisine?<\/h2>\t\t\t\t<\/div>\n\t\t\t\t<div class=\"elementor-element elementor-element-4f156a6 elementor-align-center e-transform elementor-widget elementor-widget-button\" data-id=\"4f156a6\" data-element_type=\"widget\" data-e-type=\"widget\" data-settings=\"{&quot;_transform_scale_effect_hover&quot;:{&quot;unit&quot;:&quot;px&quot;,&quot;size&quot;:1.0500000000000000444089209850062616169452667236328125,&quot;sizes&quot;:[]},&quot;_transform_scale_effect_hover_tablet&quot;:{&quot;unit&quot;:&quot;px&quot;,&quot;size&quot;:&quot;&quot;,&quot;sizes&quot;:[]},&quot;_transform_scale_effect_hover_mobile&quot;:{&quot;unit&quot;:&quot;px&quot;,&quot;size&quot;:&quot;&quot;,&quot;sizes&quot;:[]}}\" data-widget_type=\"button.default\">\n\t\t\t\t\t\t\t\t\t\t<a class=\"elementor-button elementor-button-link elementor-size-sm\" href=\"\/en\/reservation\/\">\n\t\t\t\t\t\t<span class=\"elementor-button-content-wrapper\">\n\t\t\t\t\t\t\t\t\t<span class=\"elementor-button-text\">Book your table<\/span>\n\t\t\t\t\t<\/span>\n\t\t\t\t\t<\/a>\n\t\t\t\t\t\t\t\t<\/div>\n\t\t\t\t<div class=\"elementor-element elementor-element-26c5f59 elementor-widget elementor-widget-image\" data-id=\"26c5f59\" data-element_type=\"widget\" data-e-type=\"widget\" data-widget_type=\"image.default\">\n\t\t\t\t\t\t\t\t\t\t\t\t\t\t\t<img fetchpriority=\"high\" decoding=\"async\" width=\"1024\" height=\"256\" src=\"https:\/\/cafetheatre.ca\/wp-content\/uploads\/2026\/04\/bandeau-happy-hour-site-web--1024x256.webp\" class=\"attachment-large size-large wp-image-2555\" alt=\"\" srcset=\"https:\/\/cafetheatre.ca\/wp-content\/uploads\/2026\/04\/bandeau-happy-hour-site-web--1024x256.webp 1024w, https:\/\/cafetheatre.ca\/wp-content\/uploads\/2026\/04\/bandeau-happy-hour-site-web--300x75.webp 300w, https:\/\/cafetheatre.ca\/wp-content\/uploads\/2026\/04\/bandeau-happy-hour-site-web--768x192.webp 768w, https:\/\/cafetheatre.ca\/wp-content\/uploads\/2026\/04\/bandeau-happy-hour-site-web--1536x384.webp 1536w, https:\/\/cafetheatre.ca\/wp-content\/uploads\/2026\/04\/bandeau-happy-hour-site-web--18x5.webp 18w, https:\/\/cafetheatre.ca\/wp-content\/uploads\/2026\/04\/bandeau-happy-hour-site-web-.webp 1980w\" sizes=\"(max-width: 1024px) 100vw, 1024px\" \/>\t\t\t\t\t\t\t\t\t\t\t\t\t\t\t<\/div>\n\t\t\t\t\t<\/div>\n\t\t\t\t<\/div>\n\t\t<div class=\"elementor-element elementor-element-d48d118 e-flex e-con-boxed wpr-particle-no wpr-jarallax-no wpr-parallax-no wpr-sticky-section-no wpr-equal-height-no e-con e-parent\" data-id=\"d48d118\" data-element_type=\"container\" data-e-type=\"container\">\n\t\t\t\t\t<div class=\"e-con-inner\">\n\t\t\t\t\t<\/div>\n\t\t\t\t<\/div>\n\t\t\t\t<\/div>","protected":false},"excerpt":{"rendered":"<p>Menu du Caf\u00e9 Th\u00e9\u00e2tre Le Caf\u00e9 Th\u00e9\u00e2tre de Calgary est le lieu o\u00f9 la gastronomie fran\u00e7aise raffin\u00e9e, les spectacles vivants et l\u2019hospitalit\u00e9 chaleureuse se rencontrent dans l\u2019un des meilleurs restaurants fran\u00e7ais de Calgary. Nous vous invitons \u00e0 r\u00e9server votre table et \u00e0 vivre une v\u00e9ritable exp\u00e9rience de cuisine fran\u00e7aise pr\u00e8s de chez vous, au c\u0153ur de Calgary. Menu principal Voir le menu (PDF) Envie de d\u00e9guster une cuisine fran\u00e7aise et chaleureuse ? R\u00e9servez votre table<\/p>","protected":false},"author":7,"featured_media":0,"parent":0,"menu_order":0,"comment_status":"closed","ping_status":"closed","template":"","meta":{"site-sidebar-layout":"no-sidebar","site-content-layout":"page-builder","ast-site-content-layout":"full-width-container","site-content-style":"default","site-sidebar-style":"default","ast-global-header-display":"","ast-banner-title-visibility":"","ast-main-header-display":"","ast-hfb-above-header-display":"","ast-hfb-below-header-display":"","ast-hfb-mobile-header-display":"","site-post-title":"disabled","ast-breadcrumbs-content":"","ast-featured-img":"disabled","footer-sml-layout":"","ast-disable-related-posts":"","theme-transparent-header-meta":"","adv-header-id-meta":"","stick-header-meta":"","header-above-stick-meta":"","header-main-stick-meta":"","header-below-stick-meta":"","astra-migrate-meta-layouts":"set","ast-page-background-enabled":"default","ast-page-background-meta":{"desktop":{"background-color":"","background-image":"","background-repeat":"repeat","background-position":"center center","background-size":"auto","background-attachment":"scroll","background-type":"","background-media":"","overlay-type":"","overlay-color":"","overlay-opacity":"","overlay-gradient":""},"tablet":{"background-color":"","background-image":"","background-repeat":"repeat","background-position":"center center","background-size":"auto","background-attachment":"scroll","background-type":"","background-media":"","overlay-type":"","overlay-color":"","overlay-opacity":"","overlay-gradient":""},"mobile":{"background-color":"","background-image":"","background-repeat":"repeat","background-position":"center center","background-size":"auto","background-attachment":"scroll","background-type":"","background-media":"","overlay-type":"","overlay-color":"","overlay-opacity":"","overlay-gradient":""}},"ast-content-background-meta":{"desktop":{"background-color":"var(--ast-global-color-5)","background-image":"","background-repeat":"repeat","background-position":"center center","background-size":"auto","background-attachment":"scroll","background-type":"","background-media":"","overlay-type":"","overlay-color":"","overlay-opacity":"","overlay-gradient":""},"tablet":{"background-color":"var(--ast-global-color-5)","background-image":"","background-repeat":"repeat","background-position":"center center","background-size":"auto","background-attachment":"scroll","background-type":"","background-media":"","overlay-type":"","overlay-color":"","overlay-opacity":"","overlay-gradient":""},"mobile":{"background-color":"var(--ast-global-color-5)","background-image":"","background-repeat":"repeat","background-position":"center center","background-size":"auto","background-attachment":"scroll","background-type":"","background-media":"","overlay-type":"","overlay-color":"","overlay-opacity":"","overlay-gradient":""}},"footnotes":""},"class_list":["post-2594","page","type-page","status-publish","hentry"],"yoast_head":"<!-- This site is optimized with the Yoast SEO plugin v27.3 - https:\/\/yoast.com\/product\/yoast-seo-wordpress\/ -->\n<title>Menu | Caf\u00e9 Th\u00e9\u00e2tre | French Restaurant Calgary<\/title>\n<meta name=\"robots\" content=\"index, follow, max-snippet:-1, max-image-preview:large, max-video-preview:-1\" \/>\n<link rel=\"canonical\" href=\"https:\/\/cafetheatre.ca\/en\/menu-2\/\" \/>\n<meta property=\"og:locale\" content=\"en_GB\" \/>\n<meta property=\"og:type\" content=\"article\" \/>\n<meta property=\"og:title\" content=\"Menu | Caf\u00e9 Th\u00e9\u00e2tre | French Restaurant Calgary\" \/>\n<meta property=\"og:description\" content=\"Menu du Caf\u00e9 Th\u00e9\u00e2tre Le Caf\u00e9 Th\u00e9\u00e2tre de Calgary est le lieu o\u00f9 la gastronomie fran\u00e7aise raffin\u00e9e, les spectacles vivants et l\u2019hospitalit\u00e9 chaleureuse se rencontrent dans l\u2019un des meilleurs restaurants fran\u00e7ais de Calgary. Nous vous invitons \u00e0 r\u00e9server votre table et \u00e0 vivre une v\u00e9ritable exp\u00e9rience de cuisine fran\u00e7aise pr\u00e8s de chez vous, au c\u0153ur de Calgary. Menu principal Voir le menu (PDF) Envie de d\u00e9guster une cuisine fran\u00e7aise et chaleureuse ? R\u00e9servez votre table\" \/>\n<meta property=\"og:url\" content=\"https:\/\/cafetheatre.ca\/en\/menu-2\/\" \/>\n<meta property=\"og:site_name\" content=\"Caf\u00e9 Th\u00e9\u00e2tre | French Restaurant Calgary\" \/>\n<meta property=\"article:publisher\" content=\"https:\/\/www.facebook.com\/p\/cafetheatrecalgary\/\" \/>\n<meta property=\"article:modified_time\" content=\"2026-04-12T22:43:56+00:00\" \/>\n<meta property=\"og:image\" content=\"https:\/\/cafetheatre.ca\/wp-content\/uploads\/2026\/04\/bandeau-happy-hour-site-web-.png\" \/>\n\t<meta property=\"og:image:width\" content=\"1980\" \/>\n\t<meta property=\"og:image:height\" content=\"495\" \/>\n\t<meta property=\"og:image:type\" content=\"image\/png\" \/>\n<meta name=\"twitter:card\" content=\"summary_large_image\" \/>\n<meta name=\"twitter:label1\" content=\"Estimated reading time\" \/>\n\t<meta name=\"twitter:data1\" content=\"1 minute\" \/>\n<script type=\"application\/ld+json\" class=\"yoast-schema-graph\">{\"@context\":\"https:\\\/\\\/schema.org\",\"@graph\":[{\"@type\":\"WebPage\",\"@id\":\"https:\\\/\\\/cafetheatre.ca\\\/menu-2\\\/\",\"url\":\"https:\\\/\\\/cafetheatre.ca\\\/menu-2\\\/\",\"name\":\"Menu | Caf\u00e9 Th\u00e9\u00e2tre | French Restaurant Calgary\",\"isPartOf\":{\"@id\":\"https:\\\/\\\/cafetheatre.ca\\\/#website\"},\"primaryImageOfPage\":{\"@id\":\"https:\\\/\\\/cafetheatre.ca\\\/menu-2\\\/#primaryimage\"},\"image\":{\"@id\":\"https:\\\/\\\/cafetheatre.ca\\\/menu-2\\\/#primaryimage\"},\"thumbnailUrl\":\"https:\\\/\\\/cafetheatre.ca\\\/wp-content\\\/uploads\\\/2026\\\/04\\\/bandeau-happy-hour-site-web--1024x256.png\",\"datePublished\":\"2026-04-12T20:01:28+00:00\",\"dateModified\":\"2026-04-12T22:43:56+00:00\",\"breadcrumb\":{\"@id\":\"https:\\\/\\\/cafetheatre.ca\\\/menu-2\\\/#breadcrumb\"},\"inLanguage\":\"en-GB\",\"potentialAction\":[{\"@type\":\"ReadAction\",\"target\":[\"https:\\\/\\\/cafetheatre.ca\\\/menu-2\\\/\"]}]},{\"@type\":\"ImageObject\",\"inLanguage\":\"en-GB\",\"@id\":\"https:\\\/\\\/cafetheatre.ca\\\/menu-2\\\/#primaryimage\",\"url\":\"https:\\\/\\\/cafetheatre.ca\\\/wp-content\\\/uploads\\\/2026\\\/04\\\/bandeau-happy-hour-site-web--1024x256.png\",\"contentUrl\":\"https:\\\/\\\/cafetheatre.ca\\\/wp-content\\\/uploads\\\/2026\\\/04\\\/bandeau-happy-hour-site-web--1024x256.png\"},{\"@type\":\"BreadcrumbList\",\"@id\":\"https:\\\/\\\/cafetheatre.ca\\\/menu-2\\\/#breadcrumb\",\"itemListElement\":[{\"@type\":\"ListItem\",\"position\":1,\"name\":\"Accueil\",\"item\":\"https:\\\/\\\/cafetheatre.ca\\\/\"},{\"@type\":\"ListItem\",\"position\":2,\"name\":\"Menu\"}]},{\"@type\":\"WebSite\",\"@id\":\"https:\\\/\\\/cafetheatre.ca\\\/#website\",\"url\":\"https:\\\/\\\/cafetheatre.ca\\\/\",\"name\":\"Caf\u00e9 Th\u00e9atre | French Restaurant Calgary\",\"description\":\"Un lieu pour se r\u00e9galer, rire et vibrer.\",\"publisher\":{\"@id\":\"https:\\\/\\\/cafetheatre.ca\\\/#organization\"},\"alternateName\":\"French Restaurant Calgary\",\"potentialAction\":[{\"@type\":\"SearchAction\",\"target\":{\"@type\":\"EntryPoint\",\"urlTemplate\":\"https:\\\/\\\/cafetheatre.ca\\\/?s={search_term_string}\"},\"query-input\":{\"@type\":\"PropertyValueSpecification\",\"valueRequired\":true,\"valueName\":\"search_term_string\"}}],\"inLanguage\":\"en-GB\"},{\"@type\":\"Organization\",\"@id\":\"https:\\\/\\\/cafetheatre.ca\\\/#organization\",\"name\":\"Caf\u00e9 Th\u00e9atre\",\"url\":\"https:\\\/\\\/cafetheatre.ca\\\/\",\"logo\":{\"@type\":\"ImageObject\",\"inLanguage\":\"en-GB\",\"@id\":\"https:\\\/\\\/cafetheatre.ca\\\/#\\\/schema\\\/logo\\\/image\\\/\",\"url\":\"https:\\\/\\\/cafetheatre.ca\\\/wp-content\\\/uploads\\\/2025\\\/10\\\/Cafe-Theatre-Calgary.svg\",\"contentUrl\":\"https:\\\/\\\/cafetheatre.ca\\\/wp-content\\\/uploads\\\/2025\\\/10\\\/Cafe-Theatre-Calgary.svg\",\"caption\":\"Caf\u00e9 Th\u00e9atre\"},\"image\":{\"@id\":\"https:\\\/\\\/cafetheatre.ca\\\/#\\\/schema\\\/logo\\\/image\\\/\"},\"sameAs\":[\"https:\\\/\\\/www.facebook.com\\\/p\\\/cafetheatrecalgary\\\/\",\"https:\\\/\\\/instagram.com\\\/cafetheatrecalgary\"]}]}<\/script>\n<!-- \/ Yoast SEO plugin. -->","yoast_head_json":{"title":"Menu | Caf\u00e9 Th\u00e9\u00e2tre | French Restaurant Calgary","robots":{"index":"index","follow":"follow","max-snippet":"max-snippet:-1","max-image-preview":"max-image-preview:large","max-video-preview":"max-video-preview:-1"},"canonical":"https:\/\/cafetheatre.ca\/en\/menu-2\/","og_locale":"en_GB","og_type":"article","og_title":"Menu | Caf\u00e9 Th\u00e9\u00e2tre | French Restaurant Calgary","og_description":"Menu du Caf\u00e9 Th\u00e9\u00e2tre Le Caf\u00e9 Th\u00e9\u00e2tre de Calgary est le lieu o\u00f9 la gastronomie fran\u00e7aise raffin\u00e9e, les spectacles vivants et l\u2019hospitalit\u00e9 chaleureuse se rencontrent dans l\u2019un des meilleurs restaurants fran\u00e7ais de Calgary. Nous vous invitons \u00e0 r\u00e9server votre table et \u00e0 vivre une v\u00e9ritable exp\u00e9rience de cuisine fran\u00e7aise pr\u00e8s de chez vous, au c\u0153ur de Calgary. Menu principal Voir le menu (PDF) Envie de d\u00e9guster une cuisine fran\u00e7aise et chaleureuse ? R\u00e9servez votre table","og_url":"https:\/\/cafetheatre.ca\/en\/menu-2\/","og_site_name":"Caf\u00e9 Th\u00e9\u00e2tre | French Restaurant Calgary","article_publisher":"https:\/\/www.facebook.com\/p\/cafetheatrecalgary\/","article_modified_time":"2026-04-12T22:43:56+00:00","og_image":[{"width":1980,"height":495,"url":"https:\/\/cafetheatre.ca\/wp-content\/uploads\/2026\/04\/bandeau-happy-hour-site-web-.png","type":"image\/png"}],"twitter_card":"summary_large_image","twitter_misc":{"Estimated reading time":"1 minute"},"schema":{"@context":"https:\/\/schema.org","@graph":[{"@type":"WebPage","@id":"https:\/\/cafetheatre.ca\/menu-2\/","url":"https:\/\/cafetheatre.ca\/menu-2\/","name":"Menu | Caf\u00e9 Th\u00e9\u00e2tre | French Restaurant Calgary","isPartOf":{"@id":"https:\/\/cafetheatre.ca\/#website"},"primaryImageOfPage":{"@id":"https:\/\/cafetheatre.ca\/menu-2\/#primaryimage"},"image":{"@id":"https:\/\/cafetheatre.ca\/menu-2\/#primaryimage"},"thumbnailUrl":"https:\/\/cafetheatre.ca\/wp-content\/uploads\/2026\/04\/bandeau-happy-hour-site-web--1024x256.png","datePublished":"2026-04-12T20:01:28+00:00","dateModified":"2026-04-12T22:43:56+00:00","breadcrumb":{"@id":"https:\/\/cafetheatre.ca\/menu-2\/#breadcrumb"},"inLanguage":"en-GB","potentialAction":[{"@type":"ReadAction","target":["https:\/\/cafetheatre.ca\/menu-2\/"]}]},{"@type":"ImageObject","inLanguage":"en-GB","@id":"https:\/\/cafetheatre.ca\/menu-2\/#primaryimage","url":"https:\/\/cafetheatre.ca\/wp-content\/uploads\/2026\/04\/bandeau-happy-hour-site-web--1024x256.png","contentUrl":"https:\/\/cafetheatre.ca\/wp-content\/uploads\/2026\/04\/bandeau-happy-hour-site-web--1024x256.png"},{"@type":"BreadcrumbList","@id":"https:\/\/cafetheatre.ca\/menu-2\/#breadcrumb","itemListElement":[{"@type":"ListItem","position":1,"name":"Accueil","item":"https:\/\/cafetheatre.ca\/"},{"@type":"ListItem","position":2,"name":"Menu"}]},{"@type":"WebSite","@id":"https:\/\/cafetheatre.ca\/#website","url":"https:\/\/cafetheatre.ca\/","name":"Caf\u00e9 Th\u00e9atre | French Restaurant Calgary","description":"A place to enjoy, laugh and thrill.","publisher":{"@id":"https:\/\/cafetheatre.ca\/#organization"},"alternateName":"French Restaurant Calgary","potentialAction":[{"@type":"SearchAction","target":{"@type":"EntryPoint","urlTemplate":"https:\/\/cafetheatre.ca\/?s={search_term_string}"},"query-input":{"@type":"PropertyValueSpecification","valueRequired":true,"valueName":"search_term_string"}}],"inLanguage":"en-GB"},{"@type":"Organization","@id":"https:\/\/cafetheatre.ca\/#organization","name":"Caf\u00e9 Th\u00e9atre","url":"https:\/\/cafetheatre.ca\/","logo":{"@type":"ImageObject","inLanguage":"en-GB","@id":"https:\/\/cafetheatre.ca\/#\/schema\/logo\/image\/","url":"https:\/\/cafetheatre.ca\/wp-content\/uploads\/2025\/10\/Cafe-Theatre-Calgary.svg","contentUrl":"https:\/\/cafetheatre.ca\/wp-content\/uploads\/2025\/10\/Cafe-Theatre-Calgary.svg","caption":"Caf\u00e9 Th\u00e9atre"},"image":{"@id":"https:\/\/cafetheatre.ca\/#\/schema\/logo\/image\/"},"sameAs":["https:\/\/www.facebook.com\/p\/cafetheatrecalgary\/","https:\/\/instagram.com\/cafetheatrecalgary"]}]}},"_links":{"self":[{"href":"https:\/\/cafetheatre.ca\/en\/wp-json\/wp\/v2\/pages\/2594","targetHints":{"allow":["GET"]}}],"collection":[{"href":"https:\/\/cafetheatre.ca\/en\/wp-json\/wp\/v2\/pages"}],"about":[{"href":"https:\/\/cafetheatre.ca\/en\/wp-json\/wp\/v2\/types\/page"}],"author":[{"embeddable":true,"href":"https:\/\/cafetheatre.ca\/en\/wp-json\/wp\/v2\/users\/7"}],"replies":[{"embeddable":true,"href":"https:\/\/cafetheatre.ca\/en\/wp-json\/wp\/v2\/comments?post=2594"}],"version-history":[{"count":24,"href":"https:\/\/cafetheatre.ca\/en\/wp-json\/wp\/v2\/pages\/2594\/revisions"}],"predecessor-version":[{"id":2629,"href":"https:\/\/cafetheatre.ca\/en\/wp-json\/wp\/v2\/pages\/2594\/revisions\/2629"}],"wp:attachment":[{"href":"https:\/\/cafetheatre.ca\/en\/wp-json\/wp\/v2\/media?parent=2594"}],"curies":[{"name":"wp","href":"https:\/\/api.w.org\/{rel}","templated":true}]}}